{"id":134,"date":"2018-05-08T19:59:48","date_gmt":"2018-05-08T19:59:48","guid":{"rendered":"http:\/\/behrendt-personalberatung.de\/?page_id=134"},"modified":"2021-01-25T18:06:41","modified_gmt":"2021-01-25T18:06:41","slug":"studierende-young-senior-professionals","status":"publish","type":"page","link":"https:\/\/behrendt-personalberatung.de\/en\/leistungen\/studierende-young-senior-professionals","title":{"rendered":"Studierende, Young &#038; Senior Professionals"},"content":{"rendered":"<p><em>Sie suchen den beruflichen Einstieg oder Umstieg? Ihre Job-Strategie ist irgendwie vage? Ihre Unterlagen sind zwar vollst\u00e4ndig, aber ein Sammelsurium ohne klares Profil? Sie f\u00fchlen sich beim Gedanken an Vorstellungsgespr\u00e4ch oder Auswahltest nerv\u00f6s und gestresst? Sie haben nie hilfreiches Feedback zu Ihrer Interview-Performance bekommen? Sie haben das Gef\u00fchl, im Job nicht richtig weiter zu kommen?<\/em><\/p>\n<ul>\n<li>Coaching zur beruflichen Entwicklung<\/li>\n<li>Bewerbungsberatung<\/li>\n<li>Analyse von Stellenausschreibungen<\/li>\n<li>Analyse und Erstellung von Bewerbungsunterlagen<\/li>\n<li>Interview-Training und Simulation<\/li>\n<li>Hilfe bei Assessment Center<\/li>\n<li>Berufliche \u00dcberg\u00e4nge &#8211; <em>transition coaching<\/em><\/li>\n<li>Beratung bei Problemen am Arbeitsplatz<\/li>\n<li><strong>SPECIAL: Bewerbungen f\u00fcr internationale F\u00f6rderprogramme, Organisationen und NGOs<\/strong><\/li>\n<\/ul>\n<p><strong>Alles wahlweise in Deutsch oder Englisch!<\/strong><\/p>\n","protected":false},"excerpt":{"rendered":"<p>Sie suchen den beruflichen Einstieg oder Umstieg? Ihre Job-Strategie ist irgendwie vage? Ihre Unterlagen sind zwar vollst\u00e4ndig, aber ein Sammelsurium ohne klares Profil? Sie f\u00fchlen sich beim Gedanken an Vorstellungsgespr\u00e4ch oder Auswahltest nerv\u00f6s und gestresst? Sie haben nie hilfreiches Feedback zu Ihrer Interview-Performance bekommen? Sie haben das Gef\u00fchl, im Job nicht richtig weiter zu kommen? &hellip; <\/p>\n<p class=\"link-more\"><a href=\"https:\/\/behrendt-personalberatung.de\/en\/leistungen\/studierende-young-senior-professionals\" class=\"more-link\">Continue reading<span class=\"screen-reader-text\"> &#8220;Studierende, Young &#038; Senior Professionals&#8221;<\/span><\/a><\/p>\n","protected":false},"author":1,"featured_media":0,"parent":4,"menu_order":0,"comment_status":"closed","ping_status":"closed","template":"","meta":{"footnotes":""},"class_list":["post-134","page","type-page","status-publish","hentry"],"_links":{"self":[{"href":"https:\/\/behrendt-personalberatung.de\/en\/wp-json\/wp\/v2\/pages\/134","targetHints":{"allow":["GET"]}}],"collection":[{"href":"https:\/\/behrendt-personalberatung.de\/en\/wp-json\/wp\/v2\/pages"}],"about":[{"href":"https:\/\/behrendt-personalberatung.de\/en\/wp-json\/wp\/v2\/types\/page"}],"author":[{"embeddable":true,"href":"https:\/\/behrendt-personalberatung.de\/en\/wp-json\/wp\/v2\/users\/1"}],"replies":[{"embeddable":true,"href":"https:\/\/behrendt-personalberatung.de\/en\/wp-json\/wp\/v2\/comments?post=134"}],"version-history":[{"count":3,"href":"https:\/\/behrendt-personalberatung.de\/en\/wp-json\/wp\/v2\/pages\/134\/revisions"}],"predecessor-version":[{"id":300,"href":"https:\/\/behrendt-personalberatung.de\/en\/wp-json\/wp\/v2\/pages\/134\/revisions\/300"}],"up":[{"embeddable":true,"href":"https:\/\/behrendt-personalberatung.de\/en\/wp-json\/wp\/v2\/pages\/4"}],"wp:attachment":[{"href":"https:\/\/behrendt-personalberatung.de\/en\/wp-json\/wp\/v2\/media?parent=134"}],"curies":[{"name":"wp","href":"https:\/\/api.w.org\/{rel}","templated":true}]}}