{"id":210,"date":"2018-06-01T15:30:46","date_gmt":"2018-06-01T15:30:46","guid":{"rendered":"http:\/\/behrendt-personalberatung.de\/?page_id=210"},"modified":"2018-06-01T15:30:52","modified_gmt":"2018-06-01T15:30:52","slug":"tipps-tricks-tracks","status":"publish","type":"page","link":"https:\/\/behrendt-personalberatung.de\/en\/tipps-tricks-tracks","title":{"rendered":"Tipps, Tricks &#038; Tracks"},"content":{"rendered":"\n<!-- NOTE: If you need to make changes to this file, copy it to your current theme's main\n\tdirectory so your changes won't be overwritten when the plugin is upgraded. -->\n\n<!-- Post Wrap Start-->\n<div class=\"post hentry ivycat-post\">\n\n\t<!-- \tThis outputs the post TITLE -->\n\t<h2 class=\"entry-title\"><a href=\"https:\/\/behrendt-personalberatung.de\/en\/interviewer-haben-einen-intrerview-plan\">Interviewers Have an Interview Script &#8211; And So Should You<\/a><\/h2>\n\n\t<!-- \tThis outputs the post EXCERPT.  To display full content including images and html,\n\t\treplace the_excerpt(); with the_content();  below. -->\n\t<div class=\"entry-summary\">\n\t\t<p>Preparing more effectively for a job interview Interviewer: \u201cAfter you told us about some achievements, can you share with us something professional you are NOT so proud of?\u201dCandidate: \u201cThat\u2019s actually a good question.\u201dInterviewer (thinks): Of course, smarty, that\u2019s why WE chose this question\u2026.Candidate: \u201cWell, I have never thought about this\u201d.Interviewer (thinks): Well, you should have. &hellip; <\/p>\n<p class=\"link-more\"><a href=\"https:\/\/behrendt-personalberatung.de\/en\/interviewer-haben-einen-intrerview-plan\" class=\"more-link\">Continue reading<span class=\"screen-reader-text\"> &#8220;Interviewers Have an Interview Script &#8211; And So Should You&#8221;<\/span><\/a><\/p>\n\t<\/div>\n\n\t<!--\tThis outputs the post META information -->\n\t<div class=\"entry-utility\">\n\t\t\t\t\t<span class=\"cat-links\">\n\t\t\t\t<span class=\"entry-utility-prep entry-utility-prep-cat-links\">Posted in<\/span> <a href=\"https:\/\/behrendt-personalberatung.de\/en\/category\/tipps\" rel=\"category tag\">Tipps<\/a>\t\t\t<\/span>\n\t\t\t<span class=\"meta-sep\">|<\/span>\n\t\t\t\t\t\t<span class=\"comments-link\">\n\t\t\t<a href=\"https:\/\/behrendt-personalberatung.de\/en\/interviewer-haben-einen-intrerview-plan#respond\">Leave a comment<\/a>\t\t<\/span>\n\t\t\t<\/div>\n<\/div>\n<!-- \/\/ Post Wrap End -->\n\n<!-- NOTE: If you need to make changes to this file, copy it to your current theme's main\n\tdirectory so your changes won't be overwritten when the plugin is upgraded. -->\n\n<!-- Post Wrap Start-->\n<div class=\"post hentry ivycat-post\">\n\n\t<!-- \tThis outputs the post TITLE -->\n\t<h2 class=\"entry-title\"><a href=\"https:\/\/behrendt-personalberatung.de\/en\/gerade-gelesen-kill-dein-kaninchen-wie-du-irrationale-aengste-kaltstellst\">Gerade gelesen:\u00a0KILL DEIN KANINCHEN! Wie du irrationale \u00c4ngste kaltstellst<\/a><\/h2>\n\n\t<!-- \tThis outputs the post EXCERPT.  To display full content including images and html,\n\t\treplace the_excerpt(); with the_content();  below. -->\n\t<div class=\"entry-summary\">\n\t\t<p>(von\u00a0Ralf Schmitt &#038; Mona Schnell; GABAL Verlag; 2018) Cleverer Titel \u2013 ein echter Hingucker! Jeder assoziiert ihn sofort mit dem Bild vom Kaninchen vor der Schlange, und wir sind das Kaninchen, gel\u00e4hmt vor Angst, unentschlossen, handlungsunf\u00e4hig. Das ist die Ausgangslage des Buches. Die beiden Autoren sind keine Psychologen oder Therapeuten \u2013 sondern Trainer, Werber, Eventmanager &hellip; <\/p>\n<p class=\"link-more\"><a href=\"https:\/\/behrendt-personalberatung.de\/en\/gerade-gelesen-kill-dein-kaninchen-wie-du-irrationale-aengste-kaltstellst\" class=\"more-link\">Continue reading<span class=\"screen-reader-text\"> &#8220;Gerade gelesen:\u00a0KILL DEIN KANINCHEN! Wie du irrationale \u00c4ngste kaltstellst&#8221;<\/span><\/a><\/p>\n\t<\/div>\n\n\t<!--\tThis outputs the post META information -->\n\t<div class=\"entry-utility\">\n\t\t\t\t\t<span class=\"cat-links\">\n\t\t\t\t<span class=\"entry-utility-prep entry-utility-prep-cat-links\">Posted in<\/span> <a href=\"https:\/\/behrendt-personalberatung.de\/en\/category\/tipps\" rel=\"category tag\">Tipps<\/a>\t\t\t<\/span>\n\t\t\t<span class=\"meta-sep\">|<\/span>\n\t\t\t\t\t\t\t<span class=\"tag-links\">\n\t\t\t\t<span class=\"entry-utility-prep entry-utility-prep-tag-links\">Tagged<\/span> <a href=\"https:\/\/behrendt-personalberatung.de\/en\/tag\/lektueretipp\" rel=\"tag\">Lekt\u00fcretipp<\/a>\t\t\t<\/span>\n\t\t\t<span class=\"meta-sep\">|<\/span>\n\t\t\t\t<span class=\"comments-link\">\n\t\t\t<a href=\"https:\/\/behrendt-personalberatung.de\/en\/gerade-gelesen-kill-dein-kaninchen-wie-du-irrationale-aengste-kaltstellst#respond\">Leave a comment<\/a>\t\t<\/span>\n\t\t\t<\/div>\n<\/div>\n<!-- \/\/ Post Wrap End -->\n\n<!-- NOTE: If you need to make changes to this file, copy it to your current theme's main\n\tdirectory so your changes won't be overwritten when the plugin is upgraded. -->\n\n<!-- Post Wrap Start-->\n<div class=\"post hentry ivycat-post\">\n\n\t<!-- \tThis outputs the post TITLE -->\n\t<h2 class=\"entry-title\"><a href=\"https:\/\/behrendt-personalberatung.de\/en\/feierabend\">Gerade gelesen: FEIERABEND! Warum man f\u00fcr seinen Job nicht brennen muss<\/a><\/h2>\n\n\t<!-- \tThis outputs the post EXCERPT.  To display full content including images and html,\n\t\treplace the_excerpt(); with the_content();  below. -->\n\t<div class=\"entry-summary\">\n\t\t<p>(von Volker Kitz; Fischer Taschenbuch 2017; 8,-\u00a0\u20ac) Ein schnell und vergn\u00fcglich zu lesendes Buch. Diejenigen, die die innere K\u00fcndigung erw\u00e4gen, f\u00fchlen sich best\u00e4tigt; die anderen, die ihre T\u00e4tigkeit nicht nur als Job, sondern als Karriere oder gar Berufung (S. 65) betrachten, kommen vielleicht ins Gr\u00fcbeln.\u00a0 Volker Kitz versucht, den Hype um Leidenschaft und Aufgehen in &hellip; <\/p>\n<p class=\"link-more\"><a href=\"https:\/\/behrendt-personalberatung.de\/en\/feierabend\" class=\"more-link\">Continue reading<span class=\"screen-reader-text\"> &#8220;Gerade gelesen: FEIERABEND! Warum man f\u00fcr seinen Job nicht brennen muss&#8221;<\/span><\/a><\/p>\n\t<\/div>\n\n\t<!--\tThis outputs the post META information -->\n\t<div class=\"entry-utility\">\n\t\t\t\t\t<span class=\"cat-links\">\n\t\t\t\t<span class=\"entry-utility-prep entry-utility-prep-cat-links\">Posted in<\/span> <a href=\"https:\/\/behrendt-personalberatung.de\/en\/category\/tipps\" rel=\"category tag\">Tipps<\/a>\t\t\t<\/span>\n\t\t\t<span class=\"meta-sep\">|<\/span>\n\t\t\t\t\t\t\t<span class=\"tag-links\">\n\t\t\t\t<span class=\"entry-utility-prep entry-utility-prep-tag-links\">Tagged<\/span> <a href=\"https:\/\/behrendt-personalberatung.de\/en\/tag\/lektueretipp\" rel=\"tag\">Lekt\u00fcretipp<\/a>, <a href=\"https:\/\/behrendt-personalberatung.de\/en\/tag\/tatort\" rel=\"tag\">Tatort<\/a>\t\t\t<\/span>\n\t\t\t<span class=\"meta-sep\">|<\/span>\n\t\t\t\t<span class=\"comments-link\">\n\t\t\t<span>Comments Off<span class=\"screen-reader-text\"> on Gerade gelesen: FEIERABEND! Warum man f\u00fcr seinen Job nicht brennen muss<\/span><\/span>\t\t<\/span>\n\t\t\t<\/div>\n<\/div>\n<!-- \/\/ Post Wrap End -->\n\n","protected":false},"excerpt":{"rendered":"","protected":false},"author":1,"featured_media":0,"parent":0,"menu_order":0,"comment_status":"closed","ping_status":"closed","template":"","meta":{"footnotes":""},"class_list":["post-210","page","type-page","status-publish","hentry"],"_links":{"self":[{"href":"https:\/\/behrendt-personalberatung.de\/en\/wp-json\/wp\/v2\/pages\/210","targetHints":{"allow":["GET"]}}],"collection":[{"href":"https:\/\/behrendt-personalberatung.de\/en\/wp-json\/wp\/v2\/pages"}],"about":[{"href":"https:\/\/behrendt-personalberatung.de\/en\/wp-json\/wp\/v2\/types\/page"}],"author":[{"embeddable":true,"href":"https:\/\/behrendt-personalberatung.de\/en\/wp-json\/wp\/v2\/users\/1"}],"replies":[{"embeddable":true,"href":"https:\/\/behrendt-personalberatung.de\/en\/wp-json\/wp\/v2\/comments?post=210"}],"version-history":[{"count":1,"href":"https:\/\/behrendt-personalberatung.de\/en\/wp-json\/wp\/v2\/pages\/210\/revisions"}],"predecessor-version":[{"id":211,"href":"https:\/\/behrendt-personalberatung.de\/en\/wp-json\/wp\/v2\/pages\/210\/revisions\/211"}],"wp:attachment":[{"href":"https:\/\/behrendt-personalberatung.de\/en\/wp-json\/wp\/v2\/media?parent=210"}],"curies":[{"name":"wp","href":"https:\/\/api.w.org\/{rel}","templated":true}]}}