{"id":22,"date":"2018-03-24T18:32:59","date_gmt":"2018-03-24T18:32:59","guid":{"rendered":"http:\/\/jensbehrendtpersonalber.apps-1and1.net\/?page_id=22"},"modified":"2021-02-20T18:03:12","modified_gmt":"2021-02-20T18:03:12","slug":"22-2","status":"publish","type":"page","link":"https:\/\/behrendt-personalberatung.de\/en\/","title":{"rendered":"Jens Behrendt"},"content":{"rendered":"\n<p><strong>International Career Coaching<\/strong><\/p>\n\n\n\n<p>Wenn Sie in einem Supermarkt laut rufen w\u00fcrden &#8220;Wer hier ist Coach oder Coachin?&#8221; w\u00fcrden Sie vermutlich eine sch\u00f6ne Gruppe zusammenbringen. Und viele darunter mit tollen Zertifizierungen, und mindestens eine davon mit &#8216;agil&#8217;.<\/p>\n\n\n\n<p>Ich habe seit 1992 in verschiedenen Organisationen (UN, OSZE, European University Institute, Ausw\u00e4rtiges Amt, Wikimedia, Friedrich-Ebert-Stiftung) in 10 L\u00e4ndern gearbeitet. Ich habe hunderte Bewerbungsgespr\u00e4che gef\u00fchrt und eine ganze Reihe auch selbst als Bewerber. Und ich habe viele Personalerinnen und F\u00fchrungskr\u00e4fte in Auswahlrunden gesehen. Statt wohlklingenden Zertifikaten m\u00f6chte ich Ihnen diese Erfahrung zur Verf\u00fcgung stellen.<\/p>\n\n\n\n<p><strong>== EN ==<\/strong><\/p>\n\n\n\n<p>Imagine you walk through a shopping mall and shout: &#8220;Are any professional coaches around here?&#8221; Nowadays a number of hands would probably show, including some indicating that they are even<em> certified agile coaches<\/em>&#8230;<\/p>\n\n\n\n<p>Well, I took up my first job in 1992 and have since served in organisations of different types in about ten countries around the world (including UN, OSCE, European University Institute, Foreign Office, Wikimedia, political foundation). I have been part and chaired job interview panels in the hundreds. I have been in interviewed many times. And watched a lot of human resources people and hiring managers how they perform in a selection process. Please be encouraged to make use of this experience for your own career advancement.<\/p>\n","protected":false},"excerpt":{"rendered":"<p>International Career Coaching Wenn Sie in einem Supermarkt laut rufen w\u00fcrden &#8220;Wer hier ist Coach oder Coachin?&#8221; w\u00fcrden Sie vermutlich eine sch\u00f6ne Gruppe zusammenbringen. Und viele darunter mit tollen Zertifizierungen, und mindestens eine davon mit &#8216;agil&#8217;. Ich habe seit 1992 in verschiedenen Organisationen (UN, OSZE, European University Institute, Ausw\u00e4rtiges Amt, Wikimedia, Friedrich-Ebert-Stiftung) in 10 L\u00e4ndern &hellip; <\/p>\n<p class=\"link-more\"><a href=\"https:\/\/behrendt-personalberatung.de\/en\/\" class=\"more-link\">Continue reading<span class=\"screen-reader-text\"> &#8220;Jens Behrendt&#8221;<\/span><\/a><\/p>\n","protected":false},"author":1,"featured_media":0,"parent":0,"menu_order":0,"comment_status":"closed","ping_status":"closed","template":"","meta":{"footnotes":""},"class_list":["post-22","page","type-page","status-publish","hentry"],"_links":{"self":[{"href":"https:\/\/behrendt-personalberatung.de\/en\/wp-json\/wp\/v2\/pages\/22","targetHints":{"allow":["GET"]}}],"collection":[{"href":"https:\/\/behrendt-personalberatung.de\/en\/wp-json\/wp\/v2\/pages"}],"about":[{"href":"https:\/\/behrendt-personalberatung.de\/en\/wp-json\/wp\/v2\/types\/page"}],"author":[{"embeddable":true,"href":"https:\/\/behrendt-personalberatung.de\/en\/wp-json\/wp\/v2\/users\/1"}],"replies":[{"embeddable":true,"href":"https:\/\/behrendt-personalberatung.de\/en\/wp-json\/wp\/v2\/comments?post=22"}],"version-history":[{"count":11,"href":"https:\/\/behrendt-personalberatung.de\/en\/wp-json\/wp\/v2\/pages\/22\/revisions"}],"predecessor-version":[{"id":334,"href":"https:\/\/behrendt-personalberatung.de\/en\/wp-json\/wp\/v2\/pages\/22\/revisions\/334"}],"wp:attachment":[{"href":"https:\/\/behrendt-personalberatung.de\/en\/wp-json\/wp\/v2\/media?parent=22"}],"curies":[{"name":"wp","href":"https:\/\/api.w.org\/{rel}","templated":true}]}}